{"id":113,"date":"2022-04-04T01:03:21","date_gmt":"2022-04-04T01:03:21","guid":{"rendered":"http:\/\/freeandiz-confiserie.com\/?page_id=113"},"modified":"2022-07-28T00:06:49","modified_gmt":"2022-07-28T00:06:49","slug":"nos-produits","status":"publish","type":"page","link":"https:\/\/freeandiz-confiserie.com\/index.php\/nos-produits\/","title":{"rendered":"Nos Produits"},"content":{"rendered":"\t\t<div data-elementor-type=\"wp-page\" data-elementor-id=\"113\" class=\"elementor elementor-113\">\n\t\t\t\t\t\t\t\t\t<section class=\"elementor-section elementor-top-section elementor-element elementor-element-0cf327c elementor-section-height-min-height elementor-section-boxed elementor-section-height-default elementor-section-items-middle\" data-id=\"0cf327c\" data-element_type=\"section\" data-settings=\"{&quot;background_background&quot;:&quot;classic&quot;}\">\n\t\t\t\t\t\t\t<div class=\"elementor-background-overlay\"><\/div>\n\t\t\t\t\t\t\t<div class=\"elementor-container elementor-column-gap-default\">\n\t\t\t\t\t<div class=\"elementor-column elementor-col-100 elementor-top-column elementor-element elementor-element-0e6816c\" data-id=\"0e6816c\" data-element_type=\"column\">\n\t\t\t<div class=\"elementor-widget-wrap elementor-element-populated\">\n\t\t\t\t\t\t\t\t\t<\/div>\n\t\t<\/div>\n\t\t\t\t\t\t\t<\/div>\n\t\t<\/section>\n\t\t\t\t<section class=\"elementor-section elementor-top-section elementor-element elementor-element-f180a83 elementor-section-boxed elementor-section-height-default elementor-section-height-default\" data-id=\"f180a83\" data-element_type=\"section\">\n\t\t\t\t\t\t<div class=\"elementor-container elementor-column-gap-default\">\n\t\t\t\t\t<div class=\"elementor-column elementor-col-50 elementor-top-column elementor-element elementor-element-6abcffe\" data-id=\"6abcffe\" data-element_type=\"column\">\n\t\t\t<div class=\"elementor-widget-wrap elementor-element-populated\">\n\t\t\t\t\t\t\t\t<div class=\"elementor-element elementor-element-a868e66 elementor-widget elementor-widget-heading\" data-id=\"a868e66\" data-element_type=\"widget\" data-widget_type=\"heading.default\">\n\t\t\t\t<div class=\"elementor-widget-container\">\n\t\t\t<style>\/*! elementor - v3.6.1 - 23-03-2022 *\/\n.elementor-heading-title{padding:0;margin:0;line-height:1}.elementor-widget-heading .elementor-heading-title[class*=elementor-size-]>a{color:inherit;font-size:inherit;line-height:inherit}.elementor-widget-heading .elementor-heading-title.elementor-size-small{font-size:15px}.elementor-widget-heading .elementor-heading-title.elementor-size-medium{font-size:19px}.elementor-widget-heading .elementor-heading-title.elementor-size-large{font-size:29px}.elementor-widget-heading .elementor-heading-title.elementor-size-xl{font-size:39px}.elementor-widget-heading .elementor-heading-title.elementor-size-xxl{font-size:59px}<\/style><h2 class=\"elementor-heading-title elementor-size-default\">Gamme de produits  <\/h2>\t\t<\/div>\n\t\t\t\t<\/div>\n\t\t\t\t<div class=\"elementor-element elementor-element-1ad2b7b elementor-widget elementor-widget-text-editor\" data-id=\"1ad2b7b\" data-element_type=\"widget\" data-widget_type=\"text-editor.default\">\n\t\t\t\t<div class=\"elementor-widget-container\">\n\t\t\t<style>\/*! elementor - v3.6.1 - 23-03-2022 *\/\n.elementor-widget-text-editor.elementor-drop-cap-view-stacked .elementor-drop-cap{background-color:#818a91;color:#fff}.elementor-widget-text-editor.elementor-drop-cap-view-framed .elementor-drop-cap{color:#818a91;border:3px solid;background-color:transparent}.elementor-widget-text-editor:not(.elementor-drop-cap-view-default) .elementor-drop-cap{margin-top:8px}.elementor-widget-text-editor:not(.elementor-drop-cap-view-default) .elementor-drop-cap-letter{width:1em;height:1em}.elementor-widget-text-editor .elementor-drop-cap{float:left;text-align:center;line-height:1;font-size:50px}.elementor-widget-text-editor .elementor-drop-cap-letter{display:inline-block}<\/style>\t\t\t\t<ul><li><strong>Les fruits s\u00e9ch\u00e9s :<\/strong>\u00a0 dans notre usine nous transformons la mangue, l&#8217;ananas, la noix de coco, la papaye et la banane . Tous nos fruits sont d\u00e9shydrat\u00e9s \u00e0 basse temp\u00e9rature afin de pr\u00e9server tous les nutriments du fruit<\/li><\/ul><div>\u00a0<\/div><ul><li><b>Les noix de cajou : <\/b>Nos noix de cajou proviennent de differentes coop\u00e9ratives de C\u00f4te d&#8217;Ivoire, elles sont s\u00e9lectionn\u00e9es avec le plus grand soin et transform\u00e9es dans notre atelier pour donner ces d\u00e9licieuses confiseries<\/li><\/ul><div>\u00a0<\/div><ul><li><b style=\"background-color: transparent;\">les p\u00e2tes de fruits :<\/b><span style=\"background-color: transparent;\">\u00a0 les p\u00e2tes de fruits sont des confiseries \u00e0 base de Pulpes de fruit cuites avec du sucre, elles sont sans colorant et sans conservateurs, une alternative aux confiseries industrielles qui sont n\u00e9fastes pour la sant\u00e9<\/span><\/li><\/ul><div>\u00a0<\/div><ul><li><b>les f\u00e8ves de cacao :\u00a0<\/b> Notre pays la C\u00f4te d&#8217;Ivoire est le 1er producteur mondial de cacao.\u00a0 Nos f\u00e8ves de cacao proviennent de coop\u00e9ratives install\u00e9es dans la r\u00e9gion du moyen comoe, pr\u00e9cis\u00e9ment \u00e0 Abengourou. Elles sont tri\u00e9es, torr\u00e9fi\u00e9es, caram\u00e9lis\u00e9es puis enrob\u00e9es de chocolat. Un m\u00e9lange entre l&#8217;amertume des f\u00e8ves et la douceur du chocolat avec des notes fruit\u00e9es. Garanti sans conservateur<\/li><\/ul>\t\t\t\t\t\t<\/div>\n\t\t\t\t<\/div>\n\t\t\t\t\t<\/div>\n\t\t<\/div>\n\t\t\t\t<div class=\"elementor-column elementor-col-50 elementor-top-column elementor-element elementor-element-4fc557b\" data-id=\"4fc557b\" data-element_type=\"column\">\n\t\t\t<div class=\"elementor-widget-wrap elementor-element-populated\">\n\t\t\t\t\t\t\t\t<div class=\"elementor-element elementor-element-cb8da21 elementor-widget elementor-widget-image\" data-id=\"cb8da21\" data-element_type=\"widget\" data-widget_type=\"image.default\">\n\t\t\t\t<div class=\"elementor-widget-container\">\n\t\t\t<style>\/*! elementor - v3.6.1 - 23-03-2022 *\/\n.elementor-widget-image{text-align:center}.elementor-widget-image a{display:inline-block}.elementor-widget-image a img[src$=\".svg\"]{width:48px}.elementor-widget-image img{vertical-align:middle;display:inline-block}<\/style>\t\t\t\t\t\t\t\t\t\t\t\t<img width=\"960\" height=\"1200\" src=\"https:\/\/freeandiz-confiserie.com\/wp-content\/uploads\/2022\/04\/dora-cavallo-DvueTaCe8IQ-unsplash.jpg\" class=\"attachment-full size-full\" alt=\"\" loading=\"lazy\" srcset=\"https:\/\/freeandiz-confiserie.com\/wp-content\/uploads\/2022\/04\/dora-cavallo-DvueTaCe8IQ-unsplash.jpg 960w, https:\/\/freeandiz-confiserie.com\/wp-content\/uploads\/2022\/04\/dora-cavallo-DvueTaCe8IQ-unsplash-240x300.jpg 240w, https:\/\/freeandiz-confiserie.com\/wp-content\/uploads\/2022\/04\/dora-cavallo-DvueTaCe8IQ-unsplash-819x1024.jpg 819w, https:\/\/freeandiz-confiserie.com\/wp-content\/uploads\/2022\/04\/dora-cavallo-DvueTaCe8IQ-unsplash-768x960.jpg 768w\" sizes=\"(max-width: 960px) 100vw, 960px\" \/>\t\t\t\t\t\t\t\t\t\t\t\t\t\t\t<\/div>\n\t\t\t\t<\/div>\n\t\t\t\t\t<\/div>\n\t\t<\/div>\n\t\t\t\t\t\t\t<\/div>\n\t\t<\/section>\n\t\t\t\t\t\t\t<\/div>\n\t\t","protected":false},"excerpt":{"rendered":"<p>Gamme de produits Les fruits s\u00e9ch\u00e9s :&nbsp; dans notre usine nous transformons la mangue, l&#8217;ananas, la noix de coco, la papaye et la banane . Tous nos fruits sont d\u00e9shydrat\u00e9s \u00e0 basse temp\u00e9rature afin de pr\u00e9server tous les nutriments du fruit Les noix de cajou : Nos noix de cajou proviennent de differentes coop\u00e9ratives de [&hellip;]<\/p>\n","protected":false},"author":1,"featured_media":0,"parent":0,"menu_order":0,"comment_status":"closed","ping_status":"closed","template":"elementor_header_footer","meta":[],"_links":{"self":[{"href":"https:\/\/freeandiz-confiserie.com\/index.php\/wp-json\/wp\/v2\/pages\/113"}],"collection":[{"href":"https:\/\/freeandiz-confiserie.com\/index.php\/wp-json\/wp\/v2\/pages"}],"about":[{"href":"https:\/\/freeandiz-confiserie.com\/index.php\/wp-json\/wp\/v2\/types\/page"}],"author":[{"embeddable":true,"href":"https:\/\/freeandiz-confiserie.com\/index.php\/wp-json\/wp\/v2\/users\/1"}],"replies":[{"embeddable":true,"href":"https:\/\/freeandiz-confiserie.com\/index.php\/wp-json\/wp\/v2\/comments?post=113"}],"version-history":[{"count":8,"href":"https:\/\/freeandiz-confiserie.com\/index.php\/wp-json\/wp\/v2\/pages\/113\/revisions"}],"predecessor-version":[{"id":174,"href":"https:\/\/freeandiz-confiserie.com\/index.php\/wp-json\/wp\/v2\/pages\/113\/revisions\/174"}],"wp:attachment":[{"href":"https:\/\/freeandiz-confiserie.com\/index.php\/wp-json\/wp\/v2\/media?parent=113"}],"curies":[{"name":"wp","href":"https:\/\/api.w.org\/{rel}","templated":true}]}}